{"id":12869,"date":"2024-02-01T07:55:45","date_gmt":"2024-02-01T07:55:45","guid":{"rendered":"https:\/\/mizetto.se\/vi-ar-mizetto\/"},"modified":"2024-05-30T08:08:25","modified_gmt":"2024-05-30T08:08:25","slug":"vi-ar-mizetto","status":"publish","type":"page","link":"https:\/\/mizetto.se\/de\/vi-ar-mizetto\/","title":{"rendered":"Vi \u00e4r Mizetto"},"content":{"rendered":"[vc_row type=&#8221;full_width_content&#8221; full_screen_row_position=&#8221;middle&#8221; column_margin=&#8221;default&#8221; column_direction=&#8221;default&#8221; column_direction_tablet=&#8221;default&#8221; column_direction_phone=&#8221;default&#8221; scene_position=&#8221;center&#8221; text_color=&#8221;dark&#8221; text_align=&#8221;left&#8221; row_border_radius=&#8221;none&#8221; row_border_radius_applies=&#8221;bg&#8221; overflow=&#8221;visible&#8221; overlay_strength=&#8221;0.3&#8243; gradient_direction=&#8221;left_to_right&#8221; shape_divider_position=&#8221;bottom&#8221; bg_image_animation=&#8221;none&#8221; gradient_type=&#8221;default&#8221; shape_type=&#8221;&#8221;][vc_column column_padding=&#8221;padding-5-percent&#8221; column_padding_tablet=&#8221;inherit&#8221; column_padding_phone=&#8221;padding-5-percent&#8221; column_padding_position=&#8221;all&#8221; column_element_direction_desktop=&#8221;default&#8221; column_element_spacing=&#8221;default&#8221; desktop_text_alignment=&#8221;default&#8221; tablet_text_alignment=&#8221;default&#8221; phone_text_alignment=&#8221;default&#8221; background_color_opacity=&#8221;1&#8243; background_hover_color_opacity=&#8221;1&#8243; column_backdrop_filter=&#8221;none&#8221; column_shadow=&#8221;none&#8221; column_border_radius=&#8221;none&#8221; column_link_target=&#8221;_self&#8221; column_position=&#8221;default&#8221; gradient_direction=&#8221;left_to_right&#8221; overlay_strength=&#8221;0.3&#8243; width=&#8221;1\/2&#8243; tablet_width_inherit=&#8221;default&#8221; animation_type=&#8221;default&#8221; bg_image_animation=&#8221;none&#8221; border_type=&#8221;simple&#8221; column_border_width=&#8221;none&#8221; column_border_style=&#8221;solid&#8221; column_padding_type=&#8221;default&#8221; gradient_type=&#8221;default&#8221;][vc_column_text max_width=&#8221;600&#8243;]\n<h1><span style=\"color: #000000;\">Wo k\u00fchne Ideen auf sm\u00e5l\u00e4ndische Entschlossenheit treffen<\/span><\/h1>\n[\/vc_column_text][divider line_type=&#8221;No Line&#8221; custom_height=&#8221;50&#8243;][vc_column_text max_width=&#8221;700&#8243;]<strong>Mizetto ist die Familie, die am Esstisch Strategien diskutiert und beim Radfahren Ideen entwickelt. Als Besucher gelangt man direkt in die Fabrik, denn es gibt keinen \u201eEingang durch den Showroom\u201c oder \u201eAusgang durch den Souvenirshop\u201c. Mizetto ist direkt. Mutig und kompromisslos.<\/strong>[\/vc_column_text][divider line_type=&#8221;No Line&#8221; custom_height=&#8221;100&#8243;][image_with_animation image_url=&#8221;11583&#8243; image_size=&#8221;full&#8221; animation_type=&#8221;entrance&#8221; animation=&#8221;None&#8221; animation_movement_type=&#8221;transform_y&#8221; hover_animation=&#8221;none&#8221; alignment=&#8221;&#8221; border_radius=&#8221;none&#8221; box_shadow=&#8221;none&#8221; image_loading=&#8221;default&#8221; max_width=&#8221;100%&#8221; max_width_mobile=&#8221;default&#8221;][divider line_type=&#8221;No Line&#8221; custom_height=&#8221;100&#8243;][vc_column_text max_width=&#8221;520&#8243;]\n<h2>F\u00fchren ohne zu verwalten<\/h2>\n[\/vc_column_text][divider line_type=&#8221;No Line&#8221; custom_height=&#8221;50&#8243;][vc_column_text max_width=&#8221;700&#8243;]Wie f\u00fchrt man heute eine Designmarke, die gleichzeitig ein M\u00f6belhersteller mit eigener Fabrik und eigenen Mitarbeitenden ist? Wir arbeiten daran, den Arbeitsplatz der Zukunft zu schaffen, aber wie motivieren wir unsere Mitarbeitenden, zur Arbeit zu kommen?<\/p>\n<p>Wir sind entschlossen, es auf unsere Weise zu tun. Mit einem deutlichen Schwerpunkt auf Fairness, Gesundheit und Kreativit\u00e4t. Anstatt Menschen zu verwalten, haben wir eine Gemeinschaft geschaffen, in der jede und jeder den eigenen Alltag selbst bestimmen kann und respektiert wird.<br \/>\n[\/vc_column_text][divider line_type=&#8221;No Line&#8221; custom_height=&#8221;50&#8243;][\/vc_column][vc_column column_padding=&#8221;padding-5-percent&#8221; column_padding_tablet=&#8221;inherit&#8221; column_padding_phone=&#8221;padding-5-percent&#8221; column_padding_position=&#8221;all&#8221; column_element_direction_desktop=&#8221;default&#8221; column_element_spacing=&#8221;default&#8221; desktop_text_alignment=&#8221;default&#8221; tablet_text_alignment=&#8221;default&#8221; phone_text_alignment=&#8221;default&#8221; background_color_opacity=&#8221;1&#8243; background_hover_color_opacity=&#8221;1&#8243; column_backdrop_filter=&#8221;none&#8221; column_shadow=&#8221;none&#8221; column_border_radius=&#8221;none&#8221; column_link_target=&#8221;_self&#8221; column_position=&#8221;default&#8221; gradient_direction=&#8221;left_to_right&#8221; overlay_strength=&#8221;0.3&#8243; width=&#8221;1\/2&#8243; tablet_width_inherit=&#8221;default&#8221; animation_type=&#8221;default&#8221; bg_image_animation=&#8221;none&#8221; border_type=&#8221;simple&#8221; column_border_width=&#8221;none&#8221; column_border_style=&#8221;solid&#8221; column_padding_type=&#8221;default&#8221; gradient_type=&#8221;default&#8221;][vc_column_text max_width=&#8221;520&#8243;]\n<h2>Wir stellen die Norm in Frage<\/h2>\n[\/vc_column_text][divider line_type=&#8221;No Line&#8221; custom_height=&#8221;50&#8243;][vc_column_text max_width=&#8221;700&#8243;]Wir bei Mizetto verstehen uns als furchtlose Herausforderer von Konventionen und Grenzen. In der Praxis bedeutet dies, dass wir auf der Grundlage unserer hohen Anforderungen und Ambitionen die Entwicklung vorantreiben, uns hohe Ziele setzen und Neuland betreten. Mal f\u00fcr uns selbst, mal f\u00fcr die ganze Branche. Wir nehmen lieber einen Umweg in Kauf als ein Nein.[\/vc_column_text][divider line_type=&#8221;No Line&#8221; custom_height=&#8221;50&#8243;][image_with_animation image_url=&#8221;12274&#8243; image_size=&#8221;full&#8221; animation_type=&#8221;entrance&#8221; animation=&#8221;None&#8221; animation_movement_type=&#8221;transform_y&#8221; hover_animation=&#8221;none&#8221; alignment=&#8221;&#8221; border_radius=&#8221;none&#8221; box_shadow=&#8221;none&#8221; image_loading=&#8221;default&#8221; max_width=&#8221;100%&#8221; max_width_mobile=&#8221;default&#8221;][divider line_type=&#8221;No Line&#8221; custom_height=&#8221;100&#8243;][vc_column_text max_width=&#8221;520&#8243;]\n<h2>K\u00fchnes Design, das die Einzigartigkeit betont<\/h2>\n[\/vc_column_text][divider line_type=&#8221;No Line&#8221; custom_height=&#8221;50&#8243;][vc_column_text max_width=&#8221;700&#8243;]Es ist der Grenzbereich zwischen Vision und Unm\u00f6glichkeit, in dem die Spannung entsteht. Wir tun einfach, was viele f\u00fcr undenkbar halten. Wenn wir eine gro\u00dfartige Idee vor Augen haben, sind wir in unserem Ehrgeiz, sie zum Leben zu erwecken, kaum zu bremsen. Wie bei einem spontanen Roadtrip gehen wir fest davon aus, dass sich alles von selbst regeln wird.<\/p>\n<p>Dabei k\u00f6nnen wir manchmal unkonventionell vorgehen, aber niemals irrational. Der Beweis daf\u00fcr sind unsere Produkte, unser preisgekr\u00f6ntes Design, das sich keinen langweiligen Standards beugt. Auf diese Weise symbolisieren unsere Produkte unsere Einstellung zum Design \u2013 es soll sowohl herausfordern als auch anziehen.<br \/>\n[\/vc_column_text][divider line_type=&#8221;No Line&#8221; custom_height=&#8221;50&#8243;][image_with_animation image_url=&#8221;12278&#8243; image_size=&#8221;full&#8221; animation_type=&#8221;entrance&#8221; animation=&#8221;None&#8221; animation_movement_type=&#8221;transform_y&#8221; hover_animation=&#8221;none&#8221; alignment=&#8221;&#8221; border_radius=&#8221;none&#8221; box_shadow=&#8221;none&#8221; image_loading=&#8221;default&#8221; max_width=&#8221;100%&#8221; max_width_mobile=&#8221;default&#8221;][\/vc_column][\/vc_row][vc_row type=&#8221;full_width_content&#8221; full_screen_row_position=&#8221;middle&#8221; column_margin=&#8221;default&#8221; column_direction=&#8221;default&#8221; column_direction_tablet=&#8221;default&#8221; column_direction_phone=&#8221;default&#8221; scene_position=&#8221;center&#8221; text_color=&#8221;dark&#8221; text_align=&#8221;left&#8221; row_border_radius=&#8221;none&#8221; row_border_radius_applies=&#8221;bg&#8221; overflow=&#8221;visible&#8221; overlay_strength=&#8221;0.3&#8243; gradient_direction=&#8221;left_to_right&#8221; shape_divider_position=&#8221;bottom&#8221; bg_image_animation=&#8221;none&#8221; shape_type=&#8221;&#8221; gradient_type=&#8221;default&#8221;][vc_column column_padding=&#8221;no-extra-padding&#8221; column_padding_tablet=&#8221;inherit&#8221; column_padding_phone=&#8221;inherit&#8221; column_padding_position=&#8221;all&#8221; column_element_direction_desktop=&#8221;default&#8221; column_element_spacing=&#8221;0px&#8221; desktop_text_alignment=&#8221;default&#8221; tablet_text_alignment=&#8221;default&#8221; phone_text_alignment=&#8221;default&#8221; background_color_opacity=&#8221;1&#8243; background_hover_color_opacity=&#8221;1&#8243; column_backdrop_filter=&#8221;none&#8221; column_shadow=&#8221;none&#8221; column_border_radius=&#8221;none&#8221; column_link_target=&#8221;_self&#8221; column_position=&#8221;default&#8221; gradient_direction=&#8221;left_to_right&#8221; overlay_strength=&#8221;0.3&#8243; width=&#8221;1\/1&#8243; tablet_width_inherit=&#8221;default&#8221; animation_type=&#8221;default&#8221; bg_image_animation=&#8221;none&#8221; border_type=&#8221;advanced&#8221; border_top_desktop=&#8221;1&#8243; border_bottom_desktop=&#8221;1&#8243; column_border_color=&#8221;#000000&#8243; column_border_style=&#8221;solid&#8221; column_padding_type=&#8221;default&#8221; gradient_type=&#8221;default&#8221;][vc_row_inner equal_height=&#8221;yes&#8221; column_margin=&#8221;none&#8221; column_direction=&#8221;default&#8221; column_direction_tablet=&#8221;default&#8221; column_direction_phone=&#8221;default&#8221; text_align=&#8221;left&#8221; row_position=&#8221;default&#8221; row_position_tablet=&#8221;inherit&#8221; row_position_phone=&#8221;inherit&#8221; overflow=&#8221;visible&#8221; pointer_events=&#8221;all&#8221;][vc_column_inner column_padding=&#8221;padding-5-percent&#8221; column_padding_tablet=&#8221;inherit&#8221; column_padding_phone=&#8221;inherit&#8221; column_padding_position=&#8221;all&#8221; column_element_direction_desktop=&#8221;default&#8221; column_element_spacing=&#8221;default&#8221; desktop_text_alignment=&#8221;default&#8221; tablet_text_alignment=&#8221;default&#8221; phone_text_alignment=&#8221;default&#8221; background_color_opacity=&#8221;1&#8243; background_hover_color_opacity=&#8221;1&#8243; column_backdrop_filter=&#8221;none&#8221; column_shadow=&#8221;none&#8221; column_border_radius=&#8221;none&#8221; column_link_target=&#8221;_self&#8221; overflow=&#8221;visible&#8221; gradient_direction=&#8221;left_to_right&#8221; overlay_strength=&#8221;0.3&#8243; width=&#8221;1\/3&#8243; tablet_width_inherit=&#8221;default&#8221; animation_type=&#8221;default&#8221; enable_animation=&#8221;true&#8221; animation=&#8221;fade-in&#8221; animation_easing=&#8221;default&#8221; bg_image_animation=&#8221;none&#8221; border_type=&#8221;simple&#8221; column_border_width=&#8221;none&#8221; column_border_style=&#8221;solid&#8221; column_padding_type=&#8221;default&#8221; column_link=&#8221;\/inspiration\/&#8221; gradient_type=&#8221;default&#8221;][image_with_animation image_url=&#8221;9049&#8243; image_size=&#8221;full&#8221; animation_type=&#8221;entrance&#8221; animation=&#8221;None&#8221; animation_movement_type=&#8221;transform_y&#8221; hover_animation=&#8221;zoom-crop&#8221; alignment=&#8221;&#8221; border_radius=&#8221;none&#8221; box_shadow=&#8221;none&#8221; image_loading=&#8221;default&#8221; max_width=&#8221;100%&#8221; max_width_mobile=&#8221;default&#8221; img_link=&#8221;https:\/\/www.dropbox.com\/scl\/fo\/33tiwj82jv0fjqt5x8jb7\/h?rlkey=x0ui7i00bkuasiitm9ukil1lo&amp;dl=0&#8243;][divider line_type=&#8221;No Line&#8221; custom_height=&#8221;50&#8243;][vc_column_text css=&#8221;.vc_custom_1709808881306{margin-bottom: 30px !important;}&#8221;]\n<h3>News<\/h3>\n<p>Erhalten Sie die neuesten Nachrichten.[\/vc_column_text][nectar_responsive_text text_color=&#8221;#000000&#8243; font_size_desktop=&#8221;16&#8243; font_line_height=&#8221;1.8&#8243;]<a href=\"https:\/\/mizetto.se\/inspiration\/\">Weiterlesen<\/a>[\/nectar_responsive_text][\/vc_column_inner][vc_column_inner column_padding=&#8221;padding-5-percent&#8221; column_padding_tablet=&#8221;inherit&#8221; column_padding_phone=&#8221;inherit&#8221; column_padding_position=&#8221;all&#8221; column_element_direction_desktop=&#8221;default&#8221; column_element_spacing=&#8221;default&#8221; desktop_text_alignment=&#8221;default&#8221; tablet_text_alignment=&#8221;default&#8221; phone_text_alignment=&#8221;default&#8221; background_color_opacity=&#8221;1&#8243; background_hover_color_opacity=&#8221;1&#8243; column_backdrop_filter=&#8221;none&#8221; column_shadow=&#8221;none&#8221; column_border_radius=&#8221;none&#8221; column_link_target=&#8221;_self&#8221; overflow=&#8221;visible&#8221; gradient_direction=&#8221;left_to_right&#8221; overlay_strength=&#8221;0.3&#8243; width=&#8221;1\/3&#8243; tablet_width_inherit=&#8221;default&#8221; animation_type=&#8221;default&#8221; enable_animation=&#8221;true&#8221; animation=&#8221;fade-in&#8221; animation_easing=&#8221;default&#8221; bg_image_animation=&#8221;none&#8221; border_type=&#8221;advanced&#8221; border_left_desktop=&#8221;1&#8243; border_right_desktop=&#8221;1&#8243; column_border_color=&#8221;#000000&#8243; column_border_style=&#8221;solid&#8221; delay=&#8221;150&#8243;][image_with_animation image_url=&#8221;8155&#8243; image_size=&#8221;full&#8221; animation_type=&#8221;entrance&#8221; animation=&#8221;None&#8221; animation_movement_type=&#8221;transform_y&#8221; hover_animation=&#8221;zoom-crop&#8221; alignment=&#8221;&#8221; border_radius=&#8221;none&#8221; box_shadow=&#8221;none&#8221; image_loading=&#8221;default&#8221; max_width=&#8221;100%&#8221; max_width_mobile=&#8221;default&#8221; img_link=&#8221;https:\/\/www.dropbox.com\/scl\/fo\/9jw72dufs698ybbc0rseo\/AL5jqeZOJToJtuCpRlw-cVc?rlkey=g03v998rlhtaxnj4e6wmedval&amp;e=1&amp;st=o1lw4h8h&amp;dl=0&#8243;][divider line_type=&#8221;No Line&#8221; custom_height=&#8221;50&#8243;][vc_column_text css=&#8221;.vc_custom_1709808934453{margin-bottom: 30px !important;}&#8221;]\n<h3>Presse<\/h3>\n<p>Lesen Sie unsere neuesten Pressemitteilungen und sehen Sie sich hochaufl\u00f6sende Bilder an.[\/vc_column_text][nectar_responsive_text text_color=&#8221;#000000&#8243; font_size_desktop=&#8221;16&#8243; font_line_height=&#8221;1.8&#8243; text_direction=&#8221;default&#8221;]<a href=\"https:\/\/www.dropbox.com\/scl\/fo\/9jw72dufs698ybbc0rseo\/AL5jqeZOJToJtuCpRlw-cVc?rlkey=g03v998rlhtaxnj4e6wmedval&amp;e=1&amp;st=o1lw4h8h&amp;dl=0\">Weiterlesen<\/a>[\/nectar_responsive_text][\/vc_column_inner][vc_column_inner column_padding=&#8221;padding-5-percent&#8221; column_padding_tablet=&#8221;inherit&#8221; column_padding_phone=&#8221;inherit&#8221; column_padding_position=&#8221;all&#8221; column_element_direction_desktop=&#8221;default&#8221; column_element_spacing=&#8221;default&#8221; desktop_text_alignment=&#8221;default&#8221; tablet_text_alignment=&#8221;default&#8221; phone_text_alignment=&#8221;default&#8221; background_color_opacity=&#8221;1&#8243; background_hover_color_opacity=&#8221;1&#8243; column_backdrop_filter=&#8221;none&#8221; column_shadow=&#8221;none&#8221; column_border_radius=&#8221;none&#8221; column_link_target=&#8221;_self&#8221; overflow=&#8221;visible&#8221; gradient_direction=&#8221;left_to_right&#8221; overlay_strength=&#8221;0.3&#8243; width=&#8221;1\/3&#8243; tablet_width_inherit=&#8221;default&#8221; animation_type=&#8221;default&#8221; enable_animation=&#8221;true&#8221; animation=&#8221;fade-in&#8221; animation_easing=&#8221;default&#8221; bg_image_animation=&#8221;none&#8221; border_type=&#8221;simple&#8221; column_border_width=&#8221;none&#8221; column_border_style=&#8221;solid&#8221; delay=&#8221;300&#8243; column_padding_type=&#8221;default&#8221; column_link=&#8221;https:\/\/www.dropbox.com\/scl\/fo\/mez4u58w487v6cqe4znbe\/h?rlkey=74dzxbv27ptp7vabuss86nena&amp;dl=0&#8243; gradient_type=&#8221;default&#8221;][image_with_animation image_url=&#8221;8177&#8243; image_size=&#8221;full&#8221; animation_type=&#8221;entrance&#8221; animation=&#8221;None&#8221; animation_movement_type=&#8221;transform_y&#8221; hover_animation=&#8221;zoom-crop&#8221; alignment=&#8221;&#8221; border_radius=&#8221;none&#8221; box_shadow=&#8221;none&#8221; image_loading=&#8221;default&#8221; max_width=&#8221;100%&#8221; max_width_mobile=&#8221;default&#8221; img_link=&#8221;https:\/\/www.dropbox.com\/scl\/fo\/mvf4ha07hwvd1up9xzmll\/h?rlkey=z6a35cxi4z4pjbz3v9a3j304i&amp;dl=0&#8243;][divider line_type=&#8221;No Line&#8221; custom_height=&#8221;50&#8243;][vc_column_text css=&#8221;.vc_custom_1709808986924{margin-bottom: 30px !important;}&#8221;]\n<h3>Preisliste und Katalog<\/h3>\n<p>Laden Sie sich unsere neuste Preisliste und den Katalog herunter.[\/vc_column_text][nectar_responsive_text text_color=&#8221;#000000&#8243; font_size_desktop=&#8221;16&#8243; font_line_height=&#8221;1.8&#8243;]<a href=\"https:\/\/www.dropbox.com\/scl\/fo\/mez4u58w487v6cqe4znbe\/h?rlkey=74dzxbv27ptp7vabuss86nena&amp;dl=0\">Weiterlesen<\/a>[\/nectar_responsive_text][\/vc_column_inner][\/vc_row_inner][\/vc_column][\/vc_row]\n","protected":false},"excerpt":{"rendered":"<p>[vc_row type=&#8221;full_width_content&#8221; full_screen_row_position=&#8221;middle&#8221; column_margin=&#8221;default&#8221; column_direction=&#8221;default&#8221; column_direction_tablet=&#8221;default&#8221; column_direction_phone=&#8221;default&#8221; scene_position=&#8221;center&#8221; text_color=&#8221;dark&#8221; text_align=&#8221;left&#8221; row_border_radius=&#8221;none&#8221; row_border_radius_applies=&#8221;bg&#8221; overflow=&#8221;visible&#8221; overlay_strength=&#8221;0.3&#8243; gradient_direction=&#8221;left_to_right&#8221; shape_divider_position=&#8221;bottom&#8221; bg_image_animation=&#8221;none&#8221; gradient_type=&#8221;default&#8221; shape_type=&#8221;&#8221;][vc_column column_padding=&#8221;padding-5-percent&#8221; column_padding_tablet=&#8221;inherit&#8221; column_padding_phone=&#8221;padding-5-percent&#8221; column_padding_position=&#8221;all&#8221; column_element_direction_desktop=&#8221;default&#8221; column_element_spacing=&#8221;default&#8221;&#8230;<\/p>\n","protected":false},"author":1,"featured_media":0,"parent":0,"menu_order":0,"comment_status":"closed","ping_status":"closed","template":"","meta":{"_monsterinsights_skip_tracking":false,"_monsterinsights_sitenote_active":false,"_monsterinsights_sitenote_note":"","_monsterinsights_sitenote_category":0,"footnotes":""},"class_list":["post-12869","page","type-page","status-publish"],"aioseo_notices":[],"_links":{"self":[{"href":"https:\/\/mizetto.se\/de\/wp-json\/wp\/v2\/pages\/12869","targetHints":{"allow":["GET"]}}],"collection":[{"href":"https:\/\/mizetto.se\/de\/wp-json\/wp\/v2\/pages"}],"about":[{"href":"https:\/\/mizetto.se\/de\/wp-json\/wp\/v2\/types\/page"}],"author":[{"embeddable":true,"href":"https:\/\/mizetto.se\/de\/wp-json\/wp\/v2\/users\/1"}],"replies":[{"embeddable":true,"href":"https:\/\/mizetto.se\/de\/wp-json\/wp\/v2\/comments?post=12869"}],"version-history":[{"count":3,"href":"https:\/\/mizetto.se\/de\/wp-json\/wp\/v2\/pages\/12869\/revisions"}],"predecessor-version":[{"id":15095,"href":"https:\/\/mizetto.se\/de\/wp-json\/wp\/v2\/pages\/12869\/revisions\/15095"}],"wp:attachment":[{"href":"https:\/\/mizetto.se\/de\/wp-json\/wp\/v2\/media?parent=12869"}],"curies":[{"name":"wp","href":"https:\/\/api.w.org\/{rel}","templated":true}]}}