{"id":5528,"date":"2021-09-08T08:03:36","date_gmt":"2021-09-08T08:03:36","guid":{"rendered":"https:\/\/mizetto.se\/evolution-storage\/"},"modified":"2024-03-12T10:52:56","modified_gmt":"2024-03-12T10:52:56","slug":"evolution-storage","status":"publish","type":"page","link":"https:\/\/mizetto.se\/de\/evolution-storage\/","title":{"rendered":"EVOLUTION &#8211; Aufbewahrung"},"content":{"rendered":"[vc_row type=&#8221;full_width_background&#8221; full_screen_row_position=&#8221;middle&#8221; column_margin=&#8221;default&#8221; column_direction=&#8221;default&#8221; column_direction_tablet=&#8221;default&#8221; column_direction_phone=&#8221;default&#8221; scene_position=&#8221;center&#8221; top_padding=&#8221;10%&#8221; bottom_padding=&#8221;0%&#8221; text_color=&#8221;dark&#8221; text_align=&#8221;left&#8221; row_border_radius=&#8221;none&#8221; row_border_radius_applies=&#8221;bg&#8221; overflow=&#8221;visible&#8221; overlay_strength=&#8221;0.3&#8243; gradient_direction=&#8221;left_to_right&#8221; shape_divider_position=&#8221;bottom&#8221; bg_image_animation=&#8221;none&#8221; shape_type=&#8221;&#8221;][vc_column column_padding=&#8221;no-extra-padding&#8221; column_padding_tablet=&#8221;inherit&#8221; column_padding_phone=&#8221;inherit&#8221; column_padding_position=&#8221;all&#8221; column_element_direction_desktop=&#8221;default&#8221; column_element_spacing=&#8221;default&#8221; desktop_text_alignment=&#8221;default&#8221; tablet_text_alignment=&#8221;default&#8221; phone_text_alignment=&#8221;default&#8221; background_color_opacity=&#8221;1&#8243; background_hover_color_opacity=&#8221;1&#8243; column_backdrop_filter=&#8221;none&#8221; column_shadow=&#8221;none&#8221; column_border_radius=&#8221;none&#8221; column_link_target=&#8221;_self&#8221; column_position=&#8221;default&#8221; gradient_direction=&#8221;left_to_right&#8221; overlay_strength=&#8221;0.3&#8243; width=&#8221;1\/1&#8243; tablet_width_inherit=&#8221;default&#8221; animation_type=&#8221;default&#8221; bg_image_animation=&#8221;none&#8221; border_type=&#8221;simple&#8221; column_border_width=&#8221;none&#8221; column_border_style=&#8221;solid&#8221;][split_line_heading animation_type=&#8221;default&#8221;]\n<h3 style=\"text-align: center;\">\u00a0Aufbewahrung<\/h3>\n[\/split_line_heading][vc_column_text]\n<p style=\"text-align: center;\">Alle Produkte aus der Serie Evolution basieren auf f\u00fcr A4 angepasste Ma\u00dfe, die die maximale Nutzung der Raumfl\u00e4chen erm\u00f6glichen.<\/p>\n[\/vc_column_text][divider line_type=&#8221;No Line&#8221; custom_height=&#8221;80&#8243;]\n\n\n\t\t\t\t<div class=\"portfolio-wrap \">\n\n\t\t\t\t\t\n\t\t\t\t\t<span class=\"portfolio-loading  none\">   <\/span>\n\n\t\t\t\t\t\n\t\t\t\t\t<div class=\"row portfolio-items no-masonry  \" data-rcp=\"false\" data-masonry-type=\"default\" data-ps=\"9\" data-starting-filter=\"\" data-gutter=\"10px\" data-categories-to-show=\"evolution-storage-de\" data-bypass-cropping=\"true\" data-lightbox-only=\"0\" data-col-num=\"cols-3\">\n\t\t\t\t\t\t\n\t\t\t\t\t\t\n\t\t\t\t\t\t<div class=\"col span_4  element bas-de forvaring-de storage-evolution-de-2 evolution-storage-de aufbewahrung \"  data-project-cat=\"bas-de forvaring-de storage-evolution-de-2 evolution-storage-de aufbewahrung \" data-default-color=\"true\" data-title-color=\"\" data-subtitle-color=\"\">\n\n\t\t\t\t\t\t\t<div class=\"inner-wrap animated\" data-animation=\"none\">\n\n\t\t\t\t\t\t\t\t\n\t\t\t\t\t\t\t\t\t<div class=\"work-item style-1\" data-custom-content=\"off\">\n\n\t\t\t\t\t\t\t\t\t\t<img loading=\"lazy\" decoding=\"async\" class=\"size- skip-lazy\" src=\"https:\/\/mizetto.se\/wp-content\/uploads\/2019\/05\/postsortering-thumb.png\" alt=\"\" height=\"600\" width=\"600\" srcset=\"https:\/\/mizetto.se\/wp-content\/uploads\/2019\/05\/postsortering-thumb.png 600w, https:\/\/mizetto.se\/wp-content\/uploads\/2019\/05\/postsortering-thumb-300x300.png 300w, https:\/\/mizetto.se\/wp-content\/uploads\/2019\/05\/postsortering-thumb-150x150.png 150w, https:\/\/mizetto.se\/wp-content\/uploads\/2019\/05\/postsortering-thumb-140x140.png 140w, https:\/\/mizetto.se\/wp-content\/uploads\/2019\/05\/postsortering-thumb-100x100.png 100w, https:\/\/mizetto.se\/wp-content\/uploads\/2019\/05\/postsortering-thumb-500x500.png 500w, https:\/\/mizetto.se\/wp-content\/uploads\/2019\/05\/postsortering-thumb-350x350.png 350w\" sizes=\"auto, (min-width: 1000px) 33.3vw, (min-width: 690px) 50vw, 100vw\" \/>\n\n\t\t\t\t\t\t\t\t\t\t<div class=\"work-info\">\n\n\n\t\t\t\t\t\t\t\t\t\t\t\n\t\t\t\t\t\t\t\t\t\t\t\t<a href=\"https:\/\/mizetto.se\/de\/sortiment\/postsortering\/\"><span class=\"screen-reader-text\">Postsortierung<\/span><\/a>\n\n\t\t\t\t\t\t\t\t\t\t\t\n\n\t\t\t\t\t\t\t\t\t\t<\/div>\n\n\t\t\t\t\t\t\t\t\t<\/div><!--work-item-->\n\n\t\t\t\t\t\t\t\t\t<div class=\"work-meta\">\n\t\t\t\t\t\t\t\t\t\t<h4 class=\"title\">Postsortierung<\/h4>\n\n\t\t\t\t\t\t\t\t\t\t<p>Aufbewahrung<\/p>\n\t\t\t\t\t\t\t\t\t<\/div>\n\n\n\t\t\t\t\t\t\t\t\n\n\t\t\t\t\t\t\t<\/div><!--\/inner-wrap-->\n\t\t\t\t\t\t<\/div><!--\/col-->\n\n\t\t\t\t\t\n\t\t\t\t\t\t\n\t\t\t\t\t\t<div class=\"col span_4  element aufbewahrung bas-de forvaring-de storage-evolution-de-2 evolution-storage-de \"  data-project-cat=\"aufbewahrung bas-de forvaring-de storage-evolution-de-2 evolution-storage-de \" data-default-color=\"true\" data-title-color=\"\" data-subtitle-color=\"\">\n\n\t\t\t\t\t\t\t<div class=\"inner-wrap animated\" data-animation=\"none\">\n\n\t\t\t\t\t\t\t\t\n\t\t\t\t\t\t\t\t\t<div class=\"work-item style-1\" data-custom-content=\"off\">\n\n\t\t\t\t\t\t\t\t\t\t<img loading=\"lazy\" decoding=\"async\" class=\"size- skip-lazy\" src=\"https:\/\/mizetto.se\/wp-content\/uploads\/2019\/05\/storage_evolution_mizetto.png\" alt=\"\" height=\"600\" width=\"600\" srcset=\"https:\/\/mizetto.se\/wp-content\/uploads\/2019\/05\/storage_evolution_mizetto.png 600w, https:\/\/mizetto.se\/wp-content\/uploads\/2019\/05\/storage_evolution_mizetto-300x300.png 300w, https:\/\/mizetto.se\/wp-content\/uploads\/2019\/05\/storage_evolution_mizetto-150x150.png 150w, https:\/\/mizetto.se\/wp-content\/uploads\/2019\/05\/storage_evolution_mizetto-140x140.png 140w, https:\/\/mizetto.se\/wp-content\/uploads\/2019\/05\/storage_evolution_mizetto-100x100.png 100w, https:\/\/mizetto.se\/wp-content\/uploads\/2019\/05\/storage_evolution_mizetto-500x500.png 500w, https:\/\/mizetto.se\/wp-content\/uploads\/2019\/05\/storage_evolution_mizetto-350x350.png 350w\" sizes=\"auto, (min-width: 1000px) 33.3vw, (min-width: 690px) 50vw, 100vw\" \/>\n\n\t\t\t\t\t\t\t\t\t\t<div class=\"work-info\">\n\n\n\t\t\t\t\t\t\t\t\t\t\t\n\t\t\t\t\t\t\t\t\t\t\t\t<a href=\"https:\/\/mizetto.se\/de\/sortiment\/kontorsskap-kontorshyllor\/\"><span class=\"screen-reader-text\">B\u00fcroschrank \/ B\u00fcroregal<\/span><\/a>\n\n\t\t\t\t\t\t\t\t\t\t\t\n\n\t\t\t\t\t\t\t\t\t\t<\/div>\n\n\t\t\t\t\t\t\t\t\t<\/div><!--work-item-->\n\n\t\t\t\t\t\t\t\t\t<div class=\"work-meta\">\n\t\t\t\t\t\t\t\t\t\t<h4 class=\"title\">B\u00fcroschrank \/ B\u00fcroregal<\/h4>\n\n\t\t\t\t\t\t\t\t\t\t<p>Aufbewahrung<\/p>\n\t\t\t\t\t\t\t\t\t<\/div>\n\n\n\t\t\t\t\t\t\t\t\n\n\t\t\t\t\t\t\t<\/div><!--\/inner-wrap-->\n\t\t\t\t\t\t<\/div><!--\/col-->\n\n\t\t\t\t\t\n\t\t\t\t\t\t\n\t\t\t\t\t\t<div class=\"col span_4  element aufbewahrung bas-de forvaring-de storage-evolution-de-2 evolution-storage-de \"  data-project-cat=\"aufbewahrung bas-de forvaring-de storage-evolution-de-2 evolution-storage-de \" data-default-color=\"true\" data-title-color=\"\" data-subtitle-color=\"\">\n\n\t\t\t\t\t\t\t<div class=\"inner-wrap animated\" data-animation=\"none\">\n\n\t\t\t\t\t\t\t\t\n\t\t\t\t\t\t\t\t\t<div class=\"work-item style-1\" data-custom-content=\"off\">\n\n\t\t\t\t\t\t\t\t\t\t<img loading=\"lazy\" decoding=\"async\" class=\"size- skip-lazy\" src=\"https:\/\/mizetto.se\/wp-content\/uploads\/2019\/05\/Kopieringsrum-thumb.png\" alt=\"\" height=\"600\" width=\"600\" srcset=\"https:\/\/mizetto.se\/wp-content\/uploads\/2019\/05\/Kopieringsrum-thumb.png 600w, https:\/\/mizetto.se\/wp-content\/uploads\/2019\/05\/Kopieringsrum-thumb-300x300.png 300w, https:\/\/mizetto.se\/wp-content\/uploads\/2019\/05\/Kopieringsrum-thumb-150x150.png 150w, https:\/\/mizetto.se\/wp-content\/uploads\/2019\/05\/Kopieringsrum-thumb-140x140.png 140w, https:\/\/mizetto.se\/wp-content\/uploads\/2019\/05\/Kopieringsrum-thumb-100x100.png 100w, https:\/\/mizetto.se\/wp-content\/uploads\/2019\/05\/Kopieringsrum-thumb-500x500.png 500w, https:\/\/mizetto.se\/wp-content\/uploads\/2019\/05\/Kopieringsrum-thumb-350x350.png 350w\" sizes=\"auto, (min-width: 1000px) 33.3vw, (min-width: 690px) 50vw, 100vw\" \/>\n\n\t\t\t\t\t\t\t\t\t\t<div class=\"work-info\">\n\n\n\t\t\t\t\t\t\t\t\t\t\t\n\t\t\t\t\t\t\t\t\t\t\t\t<a href=\"https:\/\/mizetto.se\/de\/sortiment\/kopieringsrum\/\"><span class=\"screen-reader-text\">Kopierraum<\/span><\/a>\n\n\t\t\t\t\t\t\t\t\t\t\t\n\n\t\t\t\t\t\t\t\t\t\t<\/div>\n\n\t\t\t\t\t\t\t\t\t<\/div><!--work-item-->\n\n\t\t\t\t\t\t\t\t\t<div class=\"work-meta\">\n\t\t\t\t\t\t\t\t\t\t<h4 class=\"title\">Kopierraum<\/h4>\n\n\t\t\t\t\t\t\t\t\t\t<p>Aufbewahrung<\/p>\n\t\t\t\t\t\t\t\t\t<\/div>\n\n\n\t\t\t\t\t\t\t\t\n\n\t\t\t\t\t\t\t<\/div><!--\/inner-wrap-->\n\t\t\t\t\t\t<\/div><!--\/col-->\n\n\t\t\t\t\t\n\t\t\t\t\t\t\n\t\t\t\t\t\t<div class=\"col span_4  element evolution-storage-de aufbewahrung bas-de forvaring-de storage-evolution-de-2 \"  data-project-cat=\"evolution-storage-de aufbewahrung bas-de forvaring-de storage-evolution-de-2 \" data-default-color=\"true\" data-title-color=\"\" data-subtitle-color=\"\">\n\n\t\t\t\t\t\t\t<div class=\"inner-wrap animated\" data-animation=\"none\">\n\n\t\t\t\t\t\t\t\t\n\t\t\t\t\t\t\t\t\t<div class=\"work-item style-1\" data-custom-content=\"off\">\n\n\t\t\t\t\t\t\t\t\t\t<img loading=\"lazy\" decoding=\"async\" class=\"size- skip-lazy\" src=\"https:\/\/mizetto.se\/wp-content\/uploads\/2019\/05\/exponering-thumb.png\" alt=\"\" height=\"600\" width=\"600\" srcset=\"https:\/\/mizetto.se\/wp-content\/uploads\/2019\/05\/exponering-thumb.png 600w, https:\/\/mizetto.se\/wp-content\/uploads\/2019\/05\/exponering-thumb-300x300.png 300w, https:\/\/mizetto.se\/wp-content\/uploads\/2019\/05\/exponering-thumb-150x150.png 150w, https:\/\/mizetto.se\/wp-content\/uploads\/2019\/05\/exponering-thumb-140x140.png 140w, https:\/\/mizetto.se\/wp-content\/uploads\/2019\/05\/exponering-thumb-100x100.png 100w, https:\/\/mizetto.se\/wp-content\/uploads\/2019\/05\/exponering-thumb-500x500.png 500w, https:\/\/mizetto.se\/wp-content\/uploads\/2019\/05\/exponering-thumb-350x350.png 350w\" sizes=\"auto, (min-width: 1000px) 33.3vw, (min-width: 690px) 50vw, 100vw\" \/>\n\n\t\t\t\t\t\t\t\t\t\t<div class=\"work-info\">\n\n\n\t\t\t\t\t\t\t\t\t\t\t\n\t\t\t\t\t\t\t\t\t\t\t\t<a href=\"https:\/\/mizetto.se\/de\/sortiment\/exponering-evolution\/\"><span class=\"screen-reader-text\">Ausstellungsmodule Evolution<\/span><\/a>\n\n\t\t\t\t\t\t\t\t\t\t\t\n\n\t\t\t\t\t\t\t\t\t\t<\/div>\n\n\t\t\t\t\t\t\t\t\t<\/div><!--work-item-->\n\n\t\t\t\t\t\t\t\t\t<div class=\"work-meta\">\n\t\t\t\t\t\t\t\t\t\t<h4 class=\"title\">Ausstellungsmodule Evolution<\/h4>\n\n\t\t\t\t\t\t\t\t\t\t<p>Aufbewahrung<\/p>\n\t\t\t\t\t\t\t\t\t<\/div>\n\n\n\t\t\t\t\t\t\t\t\n\n\t\t\t\t\t\t\t<\/div><!--\/inner-wrap-->\n\t\t\t\t\t\t<\/div><!--\/col-->\n\n\t\t\t\t\t\n\t\t\t\t<\/div><!--\/portfolio-->\n\t\t\t<\/div><!--\/portfolio wrap-->\n\n\t\t\t[divider line_type=&#8221;No Line&#8221; custom_height=&#8221;80&#8243;][\/vc_column][\/vc_row]\n","protected":false},"excerpt":{"rendered":"<p>[vc_row type=&#8221;full_width_background&#8221; full_screen_row_position=&#8221;middle&#8221; column_margin=&#8221;default&#8221; column_direction=&#8221;default&#8221; column_direction_tablet=&#8221;default&#8221; column_direction_phone=&#8221;default&#8221; scene_position=&#8221;center&#8221; top_padding=&#8221;10%&#8221; bottom_padding=&#8221;0%&#8221; text_color=&#8221;dark&#8221; text_align=&#8221;left&#8221; row_border_radius=&#8221;none&#8221; row_border_radius_applies=&#8221;bg&#8221; overflow=&#8221;visible&#8221; overlay_strength=&#8221;0.3&#8243; gradient_direction=&#8221;left_to_right&#8221; shape_divider_position=&#8221;bottom&#8221; bg_image_animation=&#8221;none&#8221; shape_type=&#8221;&#8221;][vc_column column_padding=&#8221;no-extra-padding&#8221; column_padding_tablet=&#8221;inherit&#8221; column_padding_phone=&#8221;inherit&#8221; column_padding_position=&#8221;all&#8221; column_element_direction_desktop=&#8221;default&#8221;&#8230;<\/p>\n","protected":false},"author":1,"featured_media":0,"parent":0,"menu_order":0,"comment_status":"closed","ping_status":"closed","template":"","meta":{"_monsterinsights_skip_tracking":false,"_monsterinsights_sitenote_active":false,"_monsterinsights_sitenote_note":"","_monsterinsights_sitenote_category":0,"footnotes":""},"class_list":["post-5528","page","type-page","status-publish"],"aioseo_notices":[],"_links":{"self":[{"href":"https:\/\/mizetto.se\/de\/wp-json\/wp\/v2\/pages\/5528","targetHints":{"allow":["GET"]}}],"collection":[{"href":"https:\/\/mizetto.se\/de\/wp-json\/wp\/v2\/pages"}],"about":[{"href":"https:\/\/mizetto.se\/de\/wp-json\/wp\/v2\/types\/page"}],"author":[{"embeddable":true,"href":"https:\/\/mizetto.se\/de\/wp-json\/wp\/v2\/users\/1"}],"replies":[{"embeddable":true,"href":"https:\/\/mizetto.se\/de\/wp-json\/wp\/v2\/comments?post=5528"}],"version-history":[{"count":4,"href":"https:\/\/mizetto.se\/de\/wp-json\/wp\/v2\/pages\/5528\/revisions"}],"predecessor-version":[{"id":13109,"href":"https:\/\/mizetto.se\/de\/wp-json\/wp\/v2\/pages\/5528\/revisions\/13109"}],"wp:attachment":[{"href":"https:\/\/mizetto.se\/de\/wp-json\/wp\/v2\/media?parent=5528"}],"curies":[{"name":"wp","href":"https:\/\/api.w.org\/{rel}","templated":true}]}}