{"id":17588,"date":"2024-02-01T08:44:00","date_gmt":"2024-02-01T08:44:00","guid":{"rendered":"https:\/\/mizetto.se\/sustainability\/"},"modified":"2024-09-30T12:27:53","modified_gmt":"2024-09-30T12:27:53","slug":"sustainability","status":"publish","type":"page","link":"https:\/\/mizetto.se\/fr\/sustainability\/","title":{"rendered":"Sustainability"},"content":{"rendered":"[vc_row type=&#8221;full_width_content&#8221; full_screen_row_position=&#8221;middle&#8221; column_margin=&#8221;default&#8221; column_direction=&#8221;default&#8221; column_direction_tablet=&#8221;default&#8221; column_direction_phone=&#8221;default&#8221; scene_position=&#8221;center&#8221; text_color=&#8221;dark&#8221; text_align=&#8221;left&#8221; row_border_radius=&#8221;none&#8221; row_border_radius_applies=&#8221;bg&#8221; overflow=&#8221;visible&#8221; overlay_strength=&#8221;0.3&#8243; gradient_direction=&#8221;left_to_right&#8221; shape_divider_position=&#8221;bottom&#8221; bg_image_animation=&#8221;none&#8221; gradient_type=&#8221;default&#8221; shape_type=&#8221;&#8221;][vc_column column_padding=&#8221;padding-5-percent&#8221; column_padding_tablet=&#8221;inherit&#8221; column_padding_phone=&#8221;padding-5-percent&#8221; column_padding_position=&#8221;all&#8221; column_element_direction_desktop=&#8221;default&#8221; column_element_spacing=&#8221;default&#8221; desktop_text_alignment=&#8221;default&#8221; tablet_text_alignment=&#8221;default&#8221; phone_text_alignment=&#8221;default&#8221; background_color_opacity=&#8221;1&#8243; background_hover_color_opacity=&#8221;1&#8243; column_backdrop_filter=&#8221;none&#8221; column_shadow=&#8221;none&#8221; column_border_radius=&#8221;none&#8221; column_link_target=&#8221;_self&#8221; column_position=&#8221;default&#8221; gradient_direction=&#8221;left_to_right&#8221; overlay_strength=&#8221;0.3&#8243; width=&#8221;1\/2&#8243; tablet_width_inherit=&#8221;default&#8221; animation_type=&#8221;default&#8221; bg_image_animation=&#8221;none&#8221; border_type=&#8221;simple&#8221; column_border_width=&#8221;none&#8221; column_border_style=&#8221;solid&#8221; column_padding_type=&#8221;default&#8221; gradient_type=&#8221;default&#8221;][vc_column_text max_width=&#8221;600&#8243; text_direction=&#8221;default&#8221;]\n<h1><span style=\"color: #000000;\">Ce que d\u2019autres appellent la durabilit\u00e9, nous l\u2019appelons le bon sens<\/span><\/h1>\n[\/vc_column_text][divider line_type=&#8221;No Line&#8221; custom_height=&#8221;50&#8243;][vc_column_text max_width=&#8221;700&#8243; text_direction=&#8221;default&#8221;]<strong> Nos principes fondamentaux ont \u00e9t\u00e9 \u00e9tablis il y a longtemps dans un atelier de Kalmar, bien avant que le terme \u00ab\u00a0durabilit\u00e9\u00a0\u00bb ne devienne une id\u00e9e marketing. Nous avons toujours agi de mani\u00e8re responsable vis-\u00e0-vis de l\u2019environnement et de notre personnel, que nos clients ou le secteur s\u2019en soucient ou non. Nous ne pouvons indiscutablement pas nous permettre de mettre en p\u00e9ril le bien-\u00eatre de notre \u00e9quipe ou la viabilit\u00e9 de notre plan\u00e8te. Pourquoi le ferions-nous\u00a0? Il s\u2019agit pour nous d\u2019une approche fondamentale qui nous donne un avantage naturel, en pla\u00e7ant nos efforts en mati\u00e8re de d\u00e9veloppement durable bien au-dessus des normes du secteur et des exigences minimales. <\/strong>[\/vc_column_text][divider line_type=&#8221;No Line&#8221; custom_height=&#8221;100&#8243;][image_with_animation image_url=&#8221;11604&#8243; image_size=&#8221;full&#8221; animation_type=&#8221;entrance&#8221; animation=&#8221;None&#8221; animation_movement_type=&#8221;transform_y&#8221; hover_animation=&#8221;none&#8221; alignment=&#8221;&#8221; border_radius=&#8221;none&#8221; box_shadow=&#8221;none&#8221; image_loading=&#8221;default&#8221; max_width=&#8221;100%&#8221; max_width_mobile=&#8221;default&#8221;][divider line_type=&#8221;No Line&#8221; custom_height=&#8221;100&#8243;][vc_column_text max_width=&#8221;520&#8243; text_direction=&#8221;default&#8221;]\n<h2>R\u00e9ussir main dans la<br \/>\nmain avec la for\u00eat<\/h2>\n[\/vc_column_text][divider line_type=&#8221;No Line&#8221; custom_height=&#8221;50&#8243;][vc_column_text max_width=&#8221;700&#8243; text_direction=&#8221;default&#8221;]En nous aventurant sur des sentiers forestiers bien connus et en nous attaquant \u00e0 des pistes cyclables ardues, de nouvelles id\u00e9es germent dans notre esprit et nous analysons les \u00e9v\u00e9nements qui surviennent autour de nous. Notre entreprise d\u00e9pend des ressources de la for\u00eat. Nous sommes donc profond\u00e9ment attach\u00e9s \u00e0 sa pr\u00e9servation et nous utilisons exclusivement du bois certifi\u00e9 FSC, qui est replant\u00e9 pour soutenir la sylviculture durable.<\/p>\n<p>En outre, nous r\u00e9duisons les d\u00e9chets \u00e0 pr\u00e8s de 100\u00a0%. Les mat\u00e9riaux en exc\u00e8s issus de la production sont soigneusement recycl\u00e9s, ne laissant pratiquement aucun d\u00e9chet derri\u00e8re eux. Les d\u00e9chets restants sont convertis en chauffage urbain en aval de la cha\u00eene pour alimenter notre usine.[\/vc_column_text][divider line_type=&#8221;No Line&#8221; custom_height=&#8221;50&#8243;][vc_column_text max_width=&#8221;700&#8243; text_direction=&#8221;default&#8221;]\n<h5>\u201cIl est naturel que nos enfants et les g\u00e9n\u00e9rations futures aient le m\u00eame acc\u00e8s \u00e0 la nature que nous.\u201d<\/h5>\n[\/vc_column_text][\/vc_column][vc_column column_padding=&#8221;padding-5-percent&#8221; column_padding_tablet=&#8221;inherit&#8221; column_padding_phone=&#8221;padding-5-percent&#8221; column_padding_position=&#8221;all&#8221; column_element_direction_desktop=&#8221;default&#8221; column_element_spacing=&#8221;default&#8221; desktop_text_alignment=&#8221;default&#8221; tablet_text_alignment=&#8221;default&#8221; phone_text_alignment=&#8221;default&#8221; background_color_opacity=&#8221;1&#8243; background_hover_color_opacity=&#8221;1&#8243; column_backdrop_filter=&#8221;none&#8221; column_shadow=&#8221;none&#8221; column_border_radius=&#8221;none&#8221; column_link_target=&#8221;_self&#8221; column_position=&#8221;default&#8221; gradient_direction=&#8221;left_to_right&#8221; overlay_strength=&#8221;0.3&#8243; width=&#8221;1\/2&#8243; tablet_width_inherit=&#8221;default&#8221; animation_type=&#8221;default&#8221; bg_image_animation=&#8221;none&#8221; border_type=&#8221;simple&#8221; column_border_width=&#8221;none&#8221; column_border_style=&#8221;solid&#8221; column_padding_type=&#8221;default&#8221; gradient_type=&#8221;default&#8221;][image_with_animation image_url=&#8221;11607&#8243; image_size=&#8221;full&#8221; animation_type=&#8221;entrance&#8221; animation=&#8221;None&#8221; animation_movement_type=&#8221;transform_y&#8221; hover_animation=&#8221;none&#8221; alignment=&#8221;&#8221; border_radius=&#8221;none&#8221; box_shadow=&#8221;none&#8221; image_loading=&#8221;default&#8221; max_width=&#8221;100%&#8221; max_width_mobile=&#8221;default&#8221;][divider line_type=&#8221;No Line&#8221; custom_height=&#8221;100&#8243;][vc_column_text max_width=&#8221;520&#8243; text_direction=&#8221;default&#8221;]\n<h2>Une production interne pour en garder le contr\u00f4le<\/h2>\n[\/vc_column_text][divider line_type=&#8221;No Line&#8221; custom_height=&#8221;50&#8243;][vc_column_text max_width=&#8221;700&#8243; text_direction=&#8221;default&#8221;]L\u2019avantage d\u2019avoir notre propre usine et d\u2019\u00eatre propri\u00e9taire de notre production est de pouvoir \u00e9tablir nos propres conditions. Cela signifie que nous pouvons fixer des normes \u00e9lev\u00e9es pour les fournisseurs et le personnel. Cela se traduit \u00e9galement par des transports moins nombreux, des \u00e9tapes r\u00e9duites et une transparence totale. Surtout, le r\u00e9el avantage est d\u2019avoir le contr\u00f4le sur tout le processus, de Kalmar jusqu\u2019\u00e0 nos clients pr\u00e9sents dans le monde entier.[\/vc_column_text][divider line_type=&#8221;No Line&#8221; custom_height=&#8221;50&#8243;][image_with_animation image_url=&#8221;11610&#8243; image_size=&#8221;full&#8221; animation_type=&#8221;entrance&#8221; animation=&#8221;None&#8221; animation_movement_type=&#8221;transform_y&#8221; hover_animation=&#8221;none&#8221; alignment=&#8221;&#8221; border_radius=&#8221;none&#8221; box_shadow=&#8221;none&#8221; image_loading=&#8221;default&#8221; max_width=&#8221;100%&#8221; max_width_mobile=&#8221;default&#8221;][divider line_type=&#8221;No Line&#8221; custom_height=&#8221;100&#8243;][vc_column_text max_width=&#8221;520&#8243; text_direction=&#8221;default&#8221;]\n<h2>Investir dans le bien-\u00eatre au travail, une \u00e9vidence<\/h2>\n[\/vc_column_text][divider line_type=&#8221;No Line&#8221; custom_height=&#8221;50&#8243;][vc_column_text max_width=&#8221;700&#8243; text_direction=&#8221;default&#8221;]Tout comme le respect de l\u2019environnement est une \u00e9vidence, investir dans la sant\u00e9, le bien-\u00eatre et la cr\u00e9ativit\u00e9 de notre personnel est primordial. Nous sommes fiers d\u2019avoir \u00e9t\u00e9 nomm\u00e9s Entrepreneur de l\u2019ann\u00e9e dans notre r\u00e9gion pour les efforts que nous avons d\u00e9ploy\u00e9s en mati\u00e8re de d\u00e9veloppement durable et notre environnement de travail o\u00f9 l\u2019\u00e9quit\u00e9, l\u2019\u00e9galit\u00e9 et l\u2019inclusion sont nos principes directeurs.[\/vc_column_text][\/vc_column][\/vc_row][vc_row type=&#8221;full_width_content&#8221; full_screen_row_position=&#8221;middle&#8221; column_margin=&#8221;default&#8221; column_direction=&#8221;default&#8221; column_direction_tablet=&#8221;default&#8221; column_direction_phone=&#8221;default&#8221; scene_position=&#8221;center&#8221; text_color=&#8221;dark&#8221; text_align=&#8221;left&#8221; row_border_radius=&#8221;none&#8221; row_border_radius_applies=&#8221;bg&#8221; overflow=&#8221;visible&#8221; overlay_strength=&#8221;0.3&#8243; gradient_direction=&#8221;left_to_right&#8221; shape_divider_position=&#8221;bottom&#8221; bg_image_animation=&#8221;none&#8221; shape_type=&#8221;&#8221; gradient_type=&#8221;default&#8221;][vc_column column_padding=&#8221;no-extra-padding&#8221; column_padding_tablet=&#8221;inherit&#8221; column_padding_phone=&#8221;inherit&#8221; column_padding_position=&#8221;all&#8221; column_element_direction_desktop=&#8221;default&#8221; column_element_spacing=&#8221;0px&#8221; desktop_text_alignment=&#8221;default&#8221; tablet_text_alignment=&#8221;default&#8221; phone_text_alignment=&#8221;default&#8221; background_color_opacity=&#8221;1&#8243; background_hover_color_opacity=&#8221;1&#8243; column_backdrop_filter=&#8221;none&#8221; column_shadow=&#8221;none&#8221; column_border_radius=&#8221;none&#8221; column_link_target=&#8221;_self&#8221; column_position=&#8221;default&#8221; gradient_direction=&#8221;left_to_right&#8221; overlay_strength=&#8221;0.3&#8243; width=&#8221;1\/1&#8243; tablet_width_inherit=&#8221;default&#8221; animation_type=&#8221;default&#8221; bg_image_animation=&#8221;none&#8221; border_type=&#8221;advanced&#8221; border_top_desktop=&#8221;1&#8243; border_bottom_desktop=&#8221;1&#8243; column_border_color=&#8221;#000000&#8243; column_border_style=&#8221;solid&#8221; column_padding_type=&#8221;default&#8221; gradient_type=&#8221;default&#8221;][vc_row_inner equal_height=&#8221;yes&#8221; column_margin=&#8221;none&#8221; column_direction=&#8221;default&#8221; column_direction_tablet=&#8221;default&#8221; column_direction_phone=&#8221;default&#8221; text_align=&#8221;left&#8221; row_position=&#8221;default&#8221; row_position_tablet=&#8221;inherit&#8221; row_position_phone=&#8221;inherit&#8221; overflow=&#8221;visible&#8221; pointer_events=&#8221;all&#8221;][vc_column_inner column_padding=&#8221;padding-5-percent&#8221; column_padding_tablet=&#8221;inherit&#8221; column_padding_phone=&#8221;inherit&#8221; column_padding_position=&#8221;all&#8221; column_element_direction_desktop=&#8221;default&#8221; column_element_spacing=&#8221;default&#8221; desktop_text_alignment=&#8221;default&#8221; tablet_text_alignment=&#8221;default&#8221; phone_text_alignment=&#8221;default&#8221; background_color_opacity=&#8221;1&#8243; background_hover_color_opacity=&#8221;1&#8243; column_backdrop_filter=&#8221;none&#8221; column_shadow=&#8221;none&#8221; column_border_radius=&#8221;none&#8221; column_link_target=&#8221;_self&#8221; overflow=&#8221;visible&#8221; gradient_direction=&#8221;left_to_right&#8221; overlay_strength=&#8221;0.3&#8243; width=&#8221;1\/3&#8243; tablet_width_inherit=&#8221;default&#8221; animation_type=&#8221;default&#8221; enable_animation=&#8221;true&#8221; animation=&#8221;fade-in&#8221; animation_easing=&#8221;default&#8221; bg_image_animation=&#8221;none&#8221; border_type=&#8221;simple&#8221; column_border_width=&#8221;none&#8221; column_border_style=&#8221;solid&#8221; column_padding_type=&#8221;default&#8221; column_link=&#8221;\/inspiration\/&#8221; gradient_type=&#8221;default&#8221;][image_with_animation image_url=&#8221;9049&#8243; image_size=&#8221;full&#8221; animation_type=&#8221;entrance&#8221; animation=&#8221;None&#8221; animation_movement_type=&#8221;transform_y&#8221; hover_animation=&#8221;zoom-crop&#8221; alignment=&#8221;&#8221; border_radius=&#8221;none&#8221; box_shadow=&#8221;none&#8221; image_loading=&#8221;default&#8221; max_width=&#8221;100%&#8221; max_width_mobile=&#8221;default&#8221; img_link=&#8221;https:\/\/www.dropbox.com\/scl\/fo\/33tiwj82jv0fjqt5x8jb7\/h?rlkey=x0ui7i00bkuasiitm9ukil1lo&amp;dl=0&#8243;][divider line_type=&#8221;No Line&#8221; custom_height=&#8221;50&#8243;][vc_column_text css=&#8221;.vc_custom_1727699052274{margin-bottom: 30px !important;}&#8221; text_direction=&#8221;default&#8221;]\n<h3>Actualit\u00e9s<\/h3>\n<p>Derni\u00e8res nouvelles.[\/vc_column_text][nectar_responsive_text text_color=&#8221;#000000&#8243; font_size_desktop=&#8221;16&#8243; font_line_height=&#8221;1.8&#8243; text_direction=&#8221;default&#8221;]<a href=\"https:\/\/mizetto.se\/en\/inspiration\/\">En savoir plus<\/a>[\/nectar_responsive_text][\/vc_column_inner][vc_column_inner column_padding=&#8221;padding-5-percent&#8221; column_padding_tablet=&#8221;inherit&#8221; column_padding_phone=&#8221;inherit&#8221; column_padding_position=&#8221;all&#8221; column_element_direction_desktop=&#8221;default&#8221; column_element_spacing=&#8221;default&#8221; desktop_text_alignment=&#8221;default&#8221; tablet_text_alignment=&#8221;default&#8221; phone_text_alignment=&#8221;default&#8221; background_color_opacity=&#8221;1&#8243; background_hover_color_opacity=&#8221;1&#8243; column_backdrop_filter=&#8221;none&#8221; column_shadow=&#8221;none&#8221; column_border_radius=&#8221;none&#8221; column_link_target=&#8221;_self&#8221; overflow=&#8221;visible&#8221; gradient_direction=&#8221;left_to_right&#8221; overlay_strength=&#8221;0.3&#8243; width=&#8221;1\/3&#8243; tablet_width_inherit=&#8221;default&#8221; animation_type=&#8221;default&#8221; enable_animation=&#8221;true&#8221; animation=&#8221;fade-in&#8221; animation_easing=&#8221;default&#8221; bg_image_animation=&#8221;none&#8221; border_type=&#8221;advanced&#8221; border_left_desktop=&#8221;1&#8243; border_right_desktop=&#8221;1&#8243; column_border_color=&#8221;#000000&#8243; column_border_style=&#8221;solid&#8221; delay=&#8221;150&#8243; column_padding_type=&#8221;default&#8221; column_link=&#8221;https:\/\/www.dropbox.com\/scl\/fo\/623f01alh07aatyadm08g\/h?rlkey=y77bfc9mort29zwrxda0s040l&amp;dl=0&#8243; gradient_type=&#8221;default&#8221;][image_with_animation image_url=&#8221;8155&#8243; image_size=&#8221;full&#8221; animation_type=&#8221;entrance&#8221; animation=&#8221;None&#8221; animation_movement_type=&#8221;transform_y&#8221; hover_animation=&#8221;zoom-crop&#8221; alignment=&#8221;&#8221; border_radius=&#8221;none&#8221; box_shadow=&#8221;none&#8221; image_loading=&#8221;default&#8221; max_width=&#8221;100%&#8221; max_width_mobile=&#8221;default&#8221; img_link=&#8221;https:\/\/www.dropbox.com\/scl\/fo\/9jw72dufs698ybbc0rseo\/AL5jqeZOJToJtuCpRlw-cVc?rlkey=g03v998rlhtaxnj4e6wmedval&amp;e=1&amp;st=o1lw4h8h&amp;dl=0&#8243;][divider line_type=&#8221;No Line&#8221; custom_height=&#8221;50&#8243;][vc_column_text css=&#8221;.vc_custom_1727699093454{margin-bottom: 30px !important;}&#8221; text_direction=&#8221;default&#8221;]\n<h3>Presse<\/h3>\n<p>Derniers communiqu\u00e9s de presse et images haute r\u00e9solution.[\/vc_column_text][nectar_responsive_text text_color=&#8221;#000000&#8243; font_size_desktop=&#8221;16&#8243; font_line_height=&#8221;1.8&#8243; text_direction=&#8221;default&#8221;]<a href=\"https:\/\/www.dropbox.com\/scl\/fo\/9jw72dufs698ybbc0rseo\/AL5jqeZOJToJtuCpRlw-cVc?rlkey=g03v998rlhtaxnj4e6wmedval&amp;e=1&amp;st=o1lw4h8h&amp;dl=0\">En savoir plus<\/a>[\/nectar_responsive_text][\/vc_column_inner][vc_column_inner column_padding=&#8221;padding-5-percent&#8221; column_padding_tablet=&#8221;inherit&#8221; column_padding_phone=&#8221;inherit&#8221; column_padding_position=&#8221;all&#8221; column_element_direction_desktop=&#8221;default&#8221; column_element_spacing=&#8221;default&#8221; desktop_text_alignment=&#8221;default&#8221; tablet_text_alignment=&#8221;default&#8221; phone_text_alignment=&#8221;default&#8221; background_color_opacity=&#8221;1&#8243; background_hover_color_opacity=&#8221;1&#8243; column_backdrop_filter=&#8221;none&#8221; column_shadow=&#8221;none&#8221; column_border_radius=&#8221;none&#8221; column_link_target=&#8221;_self&#8221; overflow=&#8221;visible&#8221; gradient_direction=&#8221;left_to_right&#8221; overlay_strength=&#8221;0.3&#8243; width=&#8221;1\/3&#8243; tablet_width_inherit=&#8221;default&#8221; animation_type=&#8221;default&#8221; enable_animation=&#8221;true&#8221; animation=&#8221;fade-in&#8221; animation_easing=&#8221;default&#8221; bg_image_animation=&#8221;none&#8221; border_type=&#8221;simple&#8221; column_border_width=&#8221;none&#8221; column_border_style=&#8221;solid&#8221; delay=&#8221;300&#8243; column_padding_type=&#8221;default&#8221; column_link=&#8221;https:\/\/www.dropbox.com\/scl\/fo\/mez4u58w487v6cqe4znbe\/h?rlkey=74dzxbv27ptp7vabuss86nena&amp;dl=0&#8243; gradient_type=&#8221;default&#8221;][image_with_animation image_url=&#8221;8177&#8243; image_size=&#8221;full&#8221; animation_type=&#8221;entrance&#8221; animation=&#8221;None&#8221; animation_movement_type=&#8221;transform_y&#8221; hover_animation=&#8221;zoom-crop&#8221; alignment=&#8221;&#8221; border_radius=&#8221;none&#8221; box_shadow=&#8221;none&#8221; image_loading=&#8221;default&#8221; max_width=&#8221;100%&#8221; max_width_mobile=&#8221;default&#8221; img_link=&#8221;https:\/\/www.dropbox.com\/scl\/fo\/mvf4ha07hwvd1up9xzmll\/h?rlkey=z6a35cxi4z4pjbz3v9a3j304i&amp;dl=0&#8243;][divider line_type=&#8221;No Line&#8221; custom_height=&#8221;50&#8243;][vc_column_text css=&#8221;.vc_custom_1727699163205{margin-bottom: 30px !important;}&#8221; text_direction=&#8221;default&#8221;]\n<h3>Liste de prix et catalogue<\/h3>\n<p>Notre derni\u00e8re liste de prix et notre catalogue \u00e0 t\u00e9l\u00e9charger.[\/vc_column_text][nectar_responsive_text text_color=&#8221;#000000&#8243; font_size_desktop=&#8221;16&#8243; font_line_height=&#8221;1.8&#8243;]<a href=\"https:\/\/www.dropbox.com\/scl\/fo\/mez4u58w487v6cqe4znbe\/h?rlkey=74dzxbv27ptp7vabuss86nena&amp;dl=0\">Read more<\/a>[\/nectar_responsive_text][\/vc_column_inner][\/vc_row_inner][\/vc_column][\/vc_row]\n","protected":false},"excerpt":{"rendered":"<p>[vc_row type=&#8221;full_width_content&#8221; full_screen_row_position=&#8221;middle&#8221; column_margin=&#8221;default&#8221; column_direction=&#8221;default&#8221; column_direction_tablet=&#8221;default&#8221; column_direction_phone=&#8221;default&#8221; scene_position=&#8221;center&#8221; text_color=&#8221;dark&#8221; text_align=&#8221;left&#8221; row_border_radius=&#8221;none&#8221; row_border_radius_applies=&#8221;bg&#8221; overflow=&#8221;visible&#8221; overlay_strength=&#8221;0.3&#8243; gradient_direction=&#8221;left_to_right&#8221; shape_divider_position=&#8221;bottom&#8221; bg_image_animation=&#8221;none&#8221; gradient_type=&#8221;default&#8221; shape_type=&#8221;&#8221;][vc_column column_padding=&#8221;padding-5-percent&#8221; column_padding_tablet=&#8221;inherit&#8221; column_padding_phone=&#8221;padding-5-percent&#8221; column_padding_position=&#8221;all&#8221; column_element_direction_desktop=&#8221;default&#8221; column_element_spacing=&#8221;default&#8221;&#8230;<\/p>\n","protected":false},"author":1,"featured_media":0,"parent":0,"menu_order":0,"comment_status":"closed","ping_status":"closed","template":"","meta":{"_monsterinsights_skip_tracking":false,"_monsterinsights_sitenote_active":false,"_monsterinsights_sitenote_note":"","_monsterinsights_sitenote_category":0,"footnotes":""},"class_list":["post-17588","page","type-page","status-publish"],"aioseo_notices":[],"_links":{"self":[{"href":"https:\/\/mizetto.se\/fr\/wp-json\/wp\/v2\/pages\/17588","targetHints":{"allow":["GET"]}}],"collection":[{"href":"https:\/\/mizetto.se\/fr\/wp-json\/wp\/v2\/pages"}],"about":[{"href":"https:\/\/mizetto.se\/fr\/wp-json\/wp\/v2\/types\/page"}],"author":[{"embeddable":true,"href":"https:\/\/mizetto.se\/fr\/wp-json\/wp\/v2\/users\/1"}],"replies":[{"embeddable":true,"href":"https:\/\/mizetto.se\/fr\/wp-json\/wp\/v2\/comments?post=17588"}],"version-history":[{"count":2,"href":"https:\/\/mizetto.se\/fr\/wp-json\/wp\/v2\/pages\/17588\/revisions"}],"predecessor-version":[{"id":17593,"href":"https:\/\/mizetto.se\/fr\/wp-json\/wp\/v2\/pages\/17588\/revisions\/17593"}],"wp:attachment":[{"href":"https:\/\/mizetto.se\/fr\/wp-json\/wp\/v2\/media?parent=17588"}],"curies":[{"name":"wp","href":"https:\/\/api.w.org\/{rel}","templated":true}]}}